{"id":10910,"date":"2019-12-13T11:11:32","date_gmt":"2019-12-13T10:11:32","guid":{"rendered":"https:\/\/fairfield-avocat.fr\/zh-hans\/?page_id=10910"},"modified":"2019-12-13T14:38:42","modified_gmt":"2019-12-13T13:38:42","slug":"%e7%ae%80%e5%8e%86","status":"publish","type":"page","link":"https:\/\/fairfield-avocat.fr\/zh-hans\/%e7%ae%80%e5%8e%86\/","title":{"rendered":"\u7b80\u5386"},"content":{"rendered":"<div class=\"row \"><div class=\"wpv-grid grid-1-2  wpv-first-level first unextended\" style=\"padding-top:0px;padding-bottom:0px\" id=\"wpv-column-90474616e844018dc62a891d5d029dad\" ><h3><span class=\"accent-1\">\u6559\u80b2\u80cc\u666f<\/span><\/h3>\n\n<ul class=\"styled-list  icon-accent1\">\n<li style=\"list-style-type: none;\">\n<ul class=\"styled-list  icon-accent1\">\n<li class=\" icon-b \" data-icon=\"&#58011;\"><strong>\u4f26\u6566\u653f\u6cbb\u7ecf\u6d4e\u5b66\u9662\u6cd5\u5b66\u7855\u58eb (2003)<\/strong><\/li>\n<\/ul>\n<\/li>\n<\/ul>\n<ul class=\"styled-list  icon-accent1\">\n<li class=\" icon-b \" data-icon=\"&#58011;\"><strong>\u5df4\u9ece\u4e00\u5927\uff08Universit\u00e9 Paris I Panth\u00e9on-Sorbonnes\uff09 (2000)\u4ee5\u53ca\u9ad8\u7b49\u516c\u8bc1\u7814\u7a76\u4e2d\u5fc3\u516c\u8bc1\u6cd5\u4e13\u4e1a\u5b66\u58eb(2001)<\/strong><\/li>\n<\/ul>\n<ul class=\"styled-list  icon-accent1\">\n<li class=\" icon-b \" data-icon=\"&#58011;\">\u5df4\u9ece\u9ad8\u7b49\u5546\u4e1a\u5b66\u9662\u8d44\u4ea7\u7ba1\u7406\u7855\u58eb\uff082002\u5e74\uff09<\/li>\n<li class=\" icon-b \" data-icon=\"&#58011;\">\u5df4\u9ece\u4e8c\u5927\uff08Universit\u00e9 Paris II Panth\u00e9on-Assas\uff09\u5546\u4e1a\u6cd5\u548c\u4f01\u4e1a\u7a0e\u6cd5\u7855\u58eb\u5b66\u4f4d &#8211; \uff08\u6210\u7ee9\u4f18\u79c0\uff0c1998\uff09<\/li>\n<\/ul>\n\n<h3><span class=\"accent-1\">\u5728\u52a0\u5165Fairfield\u4e4b\u524d<\/span><\/h3>\n<p style=\"text-align: justify;\">\u9664\u4e86\u4f18\u79c0\u7684\u6559\u80b2\u80cc\u666f\u5916\uff0cMichel\u5f8b\u5e08\u66fe\u5c31\u804c\u4e8e\u6cd5\u56fd\u9886\u5148\u7684\u516c\u8bc1\u673a\u6784Monassier\u96c6\u56e2\uff0c\u7cbe\u901a\u623f\u5730\u4ea7\u6cd5\uff0c\u7ee7\u627f\u6cd5\u548c\u5546\u4e1a\u6cd5\u7b49\u6cd5\u5f8b\u4e8b\u52a1\u3002<\/p>\n<p style=\"text-align: justify;\">\u5728\u7f8e\u56fd\u5f8b\u5e08\u4e8b\u52a1\u6240\u7ed3\u675f\u5b9e\u4e60\u540e\uff0c\u4ed6\u6210\u4e3a\u4e86\u5df4\u9ece\u5f8b\u5e08\u534f\u4f1a\u7684\u6ce8\u518c\u5f8b\u5e08\uff0c\u5e76\u5148\u540e\u5c31\u804c\u4e8e\u591a\u5bb6\u6cd5\u5f8b500\u5f3a\u7f51\u7ad9\u6240\u5217\u7684\u9876\u7ea7\u56fd\u9645\u5f8b\u5e08\u4e8b\u52a1\u6240\uff1a<\/p>\n\n<ul class=\"styled-list  icon-accent1\">\n<li class=\" icon-b \" data-icon=\"&#58011;\"><strong>\u9ad8\u4f1f\u7ec5\u5f8b\u5e08\u4e8b\u52a1\u6240\uff08Clifford Chance\uff09<\/strong><\/li>\n<li class=\" icon-b \" data-icon=\"&#58011;\"><strong>De Pardieu Brocas Maff\u00e9i\u5f8b\u5e08\u4e8b\u52a1\u6240<\/strong><\/li>\n<li class=\" icon-b \" data-icon=\"&#58011;\"><strong>Darrois Villey Maillot Brochier\u5f8b\u5e08\u4e8b\u52a1\u6240<\/strong><\/li>\n<\/ul>\n\n<p style=\"text-align: justify;\">\u5728\u6b64\u6267\u4e1a\u671f\u95f4\uff0cMichel\u5f8b\u5e08\u4ece\u8fd9\u4e9b\u9876\u7ea7\u56fd\u9645\u5f8b\u5e08\u4e8b\u52a1\u6240\u4e2d\u83b7\u5f97\u5e76\u5b66\u4f1a\u4e86\u591a\u79cd\u6280\u80fd\u4ee5\u53ca\u4e25\u8c28\u7684\u5de5\u4f5c\u6001\u5ea6\u548c\u5b9e\u9645\u5e94\u7528\u7684\u5de5\u4f5c\u65b9\u6cd5\u3002<\/p>\n<p style=\"text-align: justify;\">\u4e4b\u540e\uff0c\u4ed6\u52a0\u5165\u4e86\u901a\u7528\u7535\u6c14\u96c6\u56e2\uff08GE Capital\uff09\u6cd5\u5f8b\u90e8\u95e8\uff0c\u62c5\u4efb\u9ad8\u7ea7\u6cd5\u5f8b\u987e\u95ee\u957f\u8fbe5\u5e74\u3002<\/p>\n<p style=\"text-align: justify;\">\u4e4b\u540e\uff0c\u4ed6\u5f00\u59cb\u5c31\u804c\u4e8e\u6469\u7eb3\u54e5\u7684\u5f8b\u5e08\u4e8b\u52a1\u6240\u3002<\/p>\n<h3><span class=\"accent-1\">\u5982\u4eca<\/span><\/h3>\n<p>F\u00e9deric Michel \u5f8b\u5e08\u7684\u5f8b\u5e08\u4e8b\u52a1\u6240\u5f00\u4e1a\u4e86\u53d6\u540d\u4e3aFairfield, \u5e76\u5728\u621b\u7eb3\u6267\u4e1a\u5f8b\u5e08\u3002<\/p>\n<div class=\"push\" style='height:20px'><\/div>\n<h3 style=\"padding-left: 10px;\"><\/h3><\/div>\n<div class=\"wpv-grid grid-1-2  wpv-first-level unextended animation-from-left animated-active\" style=\"padding-top:0px;padding-bottom:0px\" id=\"biographie\" ><div class=\"row \"><div class=\"wpv-grid grid-1-1  first unextended\" style=\"padding-top:0px;padding-bottom:0px\" id=\"wpv-column-10db72ec1aef8ba2e8de9b566db2afc2\" ><p><img loading=\"lazy\" decoding=\"async\" class=\"alignleft wp-image-9988 size-full\" src=\"https:\/\/fairfield-avocat.fr\/wp-content\/uploads\/2016\/11\/maitre-michel-avocat-cannes.jpg\" alt=\"Ma\u00eetre Fr\u00e9d\u00e9ric Michel \u2013 Cabinet avocat Cannes\" width=\"555\" height=\"655\" \/><\/p>\n<div class=\"push\" style='height:25px'><\/div><\/div><\/div><\/div><\/div>\n<div class=\"row \"><div class=\"wpv-grid grid-1-1  wpv-first-level first unextended\" style=\"padding-top:0px;padding-bottom:0px\" id=\"wpv-column-f420340dd752f4d345a1906d9bd45e54\" ><div class=\"row \"><div class=\"wpv-grid grid-1-1  first unextended\" style=\"padding-top:0px;padding-bottom:0px\" id=\"wpv-column-a47fc30c0c5c28d62df414f3f8b61ac6\" ><h2 style=\"text-align: center;\">2015\u5e74\u5df4\u9ece\u5f8b\u5e08\u4e8b\u52a1\u6240\u7684\u6392\u540d<\/h2>\n<p><img loading=\"lazy\" decoding=\"async\" class=\"aligncenter size-full wp-image-10112\" src=\"http:\/\/fairfield-avocat.fr\/wp-content\/uploads\/2015\/08\/legal-500-cabinet-fairfield.png\" alt=\"legal-500-cabinet-fairfield\" width=\"747\" height=\"500\" srcset=\"https:\/\/fairfield-avocat.fr\/wp-content\/uploads\/2015\/08\/legal-500-cabinet-fairfield.png 747w, https:\/\/fairfield-avocat.fr\/wp-content\/uploads\/2015\/08\/legal-500-cabinet-fairfield-300x201.png 300w, https:\/\/fairfield-avocat.fr\/wp-content\/uploads\/2015\/08\/legal-500-cabinet-fairfield-600x402.png 600w, https:\/\/fairfield-avocat.fr\/wp-content\/uploads\/2015\/08\/legal-500-cabinet-fairfield-555x370.png 555w, https:\/\/fairfield-avocat.fr\/wp-content\/uploads\/2015\/08\/legal-500-cabinet-fairfield-360x240.png 360w, https:\/\/fairfield-avocat.fr\/wp-content\/uploads\/2015\/08\/legal-500-cabinet-fairfield-262x175.png 262w\" sizes=\"auto, (max-width: 747px) 100vw, 747px\" \/><\/div><\/div><\/div><\/div>\n","protected":false},"excerpt":{"rendered":"<p>\u6559\u80b2\u80cc\u666f \u5728\u52a0\u5165Fairfield\u4e4b\u524d \u9664\u4e86\u4f18\u79c0\u7684\u6559\u80b2\u80cc\u666f\u5916\uff0cMichel\u5f8b\u5e08\u66fe\u5c31\u804c\u4e8e\u6cd5\u56fd\u9886\u5148\u7684\u516c\u8bc1\u673a\u6784Mon&#8230;<\/p>\n","protected":false},"author":1,"featured_media":10911,"parent":0,"menu_order":0,"comment_status":"closed","ping_status":"closed","template":"","meta":{"footnotes":""},"class_list":["post-10910","page","type-page","status-publish","has-post-thumbnail","hentry"],"_links":{"self":[{"href":"https:\/\/fairfield-avocat.fr\/zh-hans\/wp-json\/wp\/v2\/pages\/10910","targetHints":{"allow":["GET"]}}],"collection":[{"href":"https:\/\/fairfield-avocat.fr\/zh-hans\/wp-json\/wp\/v2\/pages"}],"about":[{"href":"https:\/\/fairfield-avocat.fr\/zh-hans\/wp-json\/wp\/v2\/types\/page"}],"author":[{"embeddable":true,"href":"https:\/\/fairfield-avocat.fr\/zh-hans\/wp-json\/wp\/v2\/users\/1"}],"replies":[{"embeddable":true,"href":"https:\/\/fairfield-avocat.fr\/zh-hans\/wp-json\/wp\/v2\/comments?post=10910"}],"version-history":[{"count":5,"href":"https:\/\/fairfield-avocat.fr\/zh-hans\/wp-json\/wp\/v2\/pages\/10910\/revisions"}],"predecessor-version":[{"id":10962,"href":"https:\/\/fairfield-avocat.fr\/zh-hans\/wp-json\/wp\/v2\/pages\/10910\/revisions\/10962"}],"wp:featuredmedia":[{"embeddable":true,"href":"https:\/\/fairfield-avocat.fr\/zh-hans\/wp-json\/wp\/v2\/media\/10911"}],"wp:attachment":[{"href":"https:\/\/fairfield-avocat.fr\/zh-hans\/wp-json\/wp\/v2\/media?parent=10910"}],"curies":[{"name":"wp","href":"https:\/\/api.w.org\/{rel}","templated":true}]}}