{"id":10325,"date":"2016-11-09T16:35:39","date_gmt":"2016-11-09T15:35:39","guid":{"rendered":"https:\/\/fairfield-avocat.fr\/ru\/?page_id=10325"},"modified":"2016-11-14T09:30:22","modified_gmt":"2016-11-14T08:30:22","slug":"%d0%b1%d0%b8%d0%be%d0%b3%d1%80%d0%b0%d1%84%d0%b8%d1%8f","status":"publish","type":"page","link":"https:\/\/fairfield-avocat.fr\/ru\/%d0%b1%d0%b8%d0%be%d0%b3%d1%80%d0%b0%d1%84%d0%b8%d1%8f\/","title":{"rendered":"\u0411\u0438\u043e\u0433\u0440\u0430\u0444\u0438\u044f"},"content":{"rendered":"<div class=\"row \"><div class=\"wpv-grid grid-1-2  wpv-first-level first unextended\" style=\"padding-top:0px;padding-bottom:0px\" id=\"wpv-column-54fd77b1d136aa6457551ab086b5952f\" ><h3><span class=\"accent-1\">\u0417\u0430\u0434\u043e\u043b\u0433\u043e \u0434\u043e Fairfield<\/span><\/h3>\n\n<ul class=\"styled-list  icon-accent1\">\n<li class=\" icon-b \" data-icon=\"&#58011;\"><strong>\u041c\u0430\u0433\u0438\u0441\u0442\u0440 \u044e\u0440\u0438\u0434\u0438\u0447\u0435\u0441\u043a\u0438\u0445 \u043d\u0430\u0443\u043a, \u041b\u043e\u043d\u0434\u043e\u043d\u0441\u043a\u0430\u044f \u0448\u043a\u043e\u043b\u0430 \u044d\u043a\u043e\u043d\u043e\u043c\u0438\u043a\u0438 \u0438 \u043f\u043e\u043b\u0438\u0442\u0438\u0447\u0435\u0441\u043a\u0438\u0445 \u043d\u0430\u0443\u043a (2003\u00a0\u0433.)<\/strong><\/li>\n<li class=\" icon-b \" data-icon=\"&#58011;\"><strong>\u041c\u0430\u0433\u0438\u0441\u0442\u0440 \u043f\u043e \u043d\u043e\u0442\u0430\u0440\u0438\u0430\u043b\u044c\u043d\u043e\u043c\u0443 \u043f\u0440\u0430\u0432\u0443, \u0423\u043d\u0438\u0432\u0435\u0440\u0441\u0438\u0442\u0435\u0442 \u041f\u0430\u0440\u0438\u0436 I \u041f\u0430\u043d\u0442\u0435\u043e\u043d-\u0421\u043e\u0440\u0431\u043e\u043d\u043d\u0430 (2000\u00a0\u0433.) \u0438 \u0412\u044b\u0441\u0448\u0430\u044f \u043d\u043e\u0442\u0430\u0440\u0438\u0430\u043b\u044c\u043d\u0430\u044f (2001\u00a0\u0433.)<\/strong><\/li>\n<li class=\" icon-b \" data-icon=\"&#58011;\">\u041c\u0430\u0433\u0438\u0441\u0442\u0440 \u043f\u043e \u0443\u043f\u0440\u0430\u0432\u043b\u0435\u043d\u0438\u044e \u0438\u043c\u0443\u0449\u0435\u0441\u0442\u0432\u043e\u043c, \u0412\u044b\u0441\u0448\u0430\u044f \u0448\u043a\u043e\u043b\u0430 \u043a\u043e\u043c\u043c\u0435\u0440\u0446\u0438\u0438 \u041f\u0430\u0440\u0438\u0436\u0430 ESCP (2002\u00a0\u0433.)<\/li>\n<li class=\" icon-b \" data-icon=\"&#58011;\">\u0414\u0438\u043f\u043b\u043e\u043c \u043f\u043e \u0445\u043e\u0437\u044f\u0439\u0441\u0442\u0432\u0435\u043d\u043d\u043e\u043c\u0443 \u043f\u0440\u0430\u0432\u0443 \u0438 \u043d\u0430\u043b\u043e\u0433\u043e\u043e\u0431\u043b\u043e\u0436\u0435\u043d\u0438\u044e, \u0423\u043d\u0438\u0432\u0435\u0440\u0441\u0438\u0442\u0435\u0442 \u041f\u0430\u0440\u0438\u0436 II \u041f\u0430\u043d\u0442\u0435\u043e\u043d-\u0410\u0441\u0441\u0430\u0441 (\u0441 \u043e\u0442\u043b\u0438\u0447\u0438\u0435\u043c, 1998\u00a0\u0433.)<\/li>\n<\/ul>\n\n<h3><span class=\"accent-1\">\u0414\u043e Fairfield<\/span><\/h3>\n<p style=\"text-align: justify;\">\u0412\u043e \u0432\u0440\u0435\u043c\u044f \u0443\u0447\u0435\u0431\u044b \u043c\u044d\u0442\u0440 \u041c\u0438\u0448\u0435\u043b\u044c \u0440\u0430\u0431\u043e\u0442\u0430\u043b \u0432 Groupe Monassier, 1-\u0439 \u043d\u043e\u0442\u0430\u0440\u0438\u0430\u043b\u044c\u043d\u043e\u0439 \u0441\u0435\u0442\u0438 \u0424\u0440\u0430\u043d\u0446\u0438\u0438, \u0432 \u043a\u043e\u0442\u043e\u0440\u043e\u0439 \u043e\u043d \u0437\u0430\u043d\u0438\u043c\u0430\u043b\u0441\u044f \u0432\u043e\u043f\u0440\u043e\u0441\u0430\u043c\u0438, \u0441\u0432\u044f\u0437\u0430\u043d\u043d\u044b\u043c\u0438 \u0441\u043e \u0441\u0444\u0435\u0440\u043e\u0439 \u043d\u0435\u0434\u0432\u0438\u0436\u0438\u043c\u043e\u0441\u0442\u0438, \u043d\u0430\u0441\u043b\u0435\u0434\u0441\u0442\u0432\u0435\u043d\u043d\u044b\u043c \u043f\u0440\u0430\u0432\u043e\u043c \u0438 \u0445\u043e\u0437\u044f\u0439\u0441\u0442\u0432\u0435\u043d\u043d\u044b\u043c \u043f\u0440\u0430\u0432\u043e\u043c.<\/p>\n<p style=\"text-align: justify;\">\u041f\u043e\u0441\u043b\u0435 \u0441\u0442\u0430\u0436\u0438\u0440\u043e\u0432\u043a\u0438 \u0432 \u0430\u043c\u0435\u0440\u0438\u043a\u0430\u043d\u0441\u043a\u043e\u0439 \u044e\u0440\u0438\u0434\u0438\u0447\u0435\u0441\u043a\u043e\u0439 \u0444\u0438\u0440\u043c\u0435 \u043e\u043d \u0441\u0442\u0430\u043b \u0430\u0434\u0432\u043e\u043a\u0430\u0442\u043e\u043c \u043f\u0440\u0438 \u041f\u0430\u0440\u0438\u0436\u0441\u043a\u043e\u0439\u00a0 \u043a\u043e\u043b\u043b\u0435\u0433\u0438\u0438 \u0430\u0434\u0432\u043e\u043a\u0430\u0442\u043e\u0432 \u00a0\u0438 \u0440\u0430\u0431\u043e\u0442\u0430\u043b \u0432 \u043c\u0435\u0436\u0434\u0443\u043d\u0430\u0440\u043e\u0434\u043d\u044b\u0445 \u044e\u0440\u0438\u0434\u0438\u0447\u0435\u0441\u043a\u0438\u0445 \u0444\u0438\u0440\u043c\u0430\u0445, \u0432\u0445\u043e\u0434\u044f\u0449\u0438\u0445 \u0432 \u0447\u0438\u0441\u043b\u043e \u043b\u0443\u0447\u0448\u0438\u0445 \u0432 \u0441\u043e\u043e\u0442\u0432\u0435\u0442\u0441\u0442\u0432\u0438\u0438 \u0441 \u043a\u043b\u0430\u0441\u0441\u0438\u0444\u0438\u043a\u0430\u0446\u0438\u0435\u0439 \u0441\u0430\u0439\u0442\u0430 Legal 500:<\/p>\n\n<ul class=\"styled-list  icon-accent1\">\n<li class=\" icon-b \" data-icon=\"&#58011;\"><strong>Clifford Chance<\/strong><\/li>\n<li class=\" icon-b \" data-icon=\"&#58011;\"><strong>De Pardieu Brocas Maff\u00e9i<\/strong><\/li>\n<li class=\" icon-b \" data-icon=\"&#58011;\"><strong>Darrois Villey Maillot Brochier<\/strong><\/li>\n<\/ul>\n\n<p style=\"text-align: justify;\">\u0420\u0430\u0431\u043e\u0442\u0430 \u0432 \u044d\u0442\u0438\u0445 \u043f\u0440\u0435\u0441\u0442\u0438\u0436\u043d\u044b\u0445 \u043a\u043e\u043c\u043f\u0430\u043d\u0438\u044f\u0445 \u043f\u043e\u0437\u0432\u043e\u043b\u0438\u043b\u0430 \u0435\u043c\u0443 \u043d\u0430\u043a\u043e\u043f\u0438\u0442\u044c \u0440\u0430\u0437\u043d\u043e\u0441\u0442\u043e\u0440\u043e\u043d\u043d\u0438\u0439 \u043e\u043f\u044b\u0442, \u043d\u0430\u0443\u0447\u0438\u0442\u044c\u0441\u044f \u0434\u0438\u0441\u0446\u0438\u043f\u043b\u0438\u043d\u0435 \u0438 \u043e\u0432\u043b\u0430\u0434\u0435\u0442\u044c \u043c\u0435\u0442\u043e\u0434\u0430\u043c\u0438 \u0440\u0430\u0431\u043e\u0442\u044b \u043a\u0440\u0443\u043f\u043d\u044b\u0445 \u043c\u0435\u0436\u0434\u0443\u043d\u0430\u0440\u043e\u0434\u043d\u044b\u0445 \u044e\u0440\u0438\u0434\u0438\u0447\u0435\u0441\u043a\u0438\u0445 \u0444\u0438\u0440\u043c.<\/p>\n<p style=\"text-align: justify;\">\u0417\u0430\u0442\u0435\u043c \u043e\u043d \u0432 \u0442\u0435\u0447\u0435\u043d\u0438\u0435 5 \u043b\u0435\u0442 \u0440\u0430\u0431\u043e\u0442\u0430\u043b \u0432 \u044e\u0440\u0438\u0434\u0438\u0447\u0435\u0441\u043a\u043e\u043c \u043e\u0442\u0434\u0435\u043b\u0435 \u043a\u043e\u043c\u043f\u0430\u043d\u0438\u0438 GE Capital (General Electric Group) \u0432 \u043a\u0430\u0447\u0435\u0441\u0442\u0432\u0435 \u0441\u0442\u0430\u0440\u0448\u0435\u0433\u043e \u044e\u0440\u0438\u0441\u043a\u043e\u043d\u0441\u0443\u043b\u044c\u0442\u0430.<\/p>\n<p style=\"text-align: justify;\">\u041f\u043e\u0441\u043b\u0435 \u044d\u0442\u043e\u0433\u043e \u0424\u0440\u0435\u0434\u0435\u0440\u0438\u043a \u041c\u0438\u0448\u0435\u043b\u044c \u0440\u0430\u0431\u043e\u0442\u0430\u043b \u0432 \u044e\u0440\u0438\u0434\u0438\u0447\u0435\u0441\u043a\u043e\u0439 \u0444\u0438\u0440\u043c\u0435 \u0432 \u041c\u043e\u043d\u0430\u043a\u043e.<\/p>\n<div class=\"push\" style='height:20px'><\/div>\n<h3 style=\"padding-left: 10px;\"><\/h3><\/div>\n<div class=\"wpv-grid grid-1-2  wpv-first-level unextended animation-from-left animated-active\" style=\"padding-top:0px;padding-bottom:0px\" id=\"biographie\" ><p><img loading=\"lazy\" decoding=\"async\" class=\"alignleft wp-image-9988 size-full\" src=\"https:\/\/fairfield-avocat.fr\/wp-content\/uploads\/2016\/11\/maitre-michel-avocat-cannes.jpg\" alt=\"Ma\u00eetre Fr\u00e9d\u00e9ric Michel \u2013 Cabinet avocat Cannes\" width=\"555\" height=\"655\" \/><\/p>\n<div class=\"push\" style='height:25px'><\/div><\/div><\/div>\n<div class=\"row \"><div class=\"wpv-grid grid-1-1  wpv-first-level first unextended\" style=\"padding-top:0px;padding-bottom:0px\" id=\"wpv-column-3d5b45f1297a5b7511c39eeeb843e960\" ><h2 style=\"text-align: center;\">\u041f\u0430\u0440\u0438\u0436\u0430\u043d\u0435 \u0440\u0435\u0439\u0442\u0438\u043d\u0433 \u0444\u0438\u0440\u043c \u0432 2015 \u0433\u043e\u0434\u0443<\/h2>\n<p><img loading=\"lazy\" decoding=\"async\" class=\"aligncenter size-full wp-image-10112\" src=\"http:\/\/fairfield-avocat.fr\/wp-content\/uploads\/2015\/08\/legal-500-cabinet-fairfield.png\" alt=\"legal-500-cabinet-fairfield\" width=\"747\" height=\"500\" srcset=\"https:\/\/fairfield-avocat.fr\/wp-content\/uploads\/2015\/08\/legal-500-cabinet-fairfield.png 747w, https:\/\/fairfield-avocat.fr\/wp-content\/uploads\/2015\/08\/legal-500-cabinet-fairfield-300x201.png 300w, https:\/\/fairfield-avocat.fr\/wp-content\/uploads\/2015\/08\/legal-500-cabinet-fairfield-600x402.png 600w, https:\/\/fairfield-avocat.fr\/wp-content\/uploads\/2015\/08\/legal-500-cabinet-fairfield-555x370.png 555w, https:\/\/fairfield-avocat.fr\/wp-content\/uploads\/2015\/08\/legal-500-cabinet-fairfield-360x240.png 360w, https:\/\/fairfield-avocat.fr\/wp-content\/uploads\/2015\/08\/legal-500-cabinet-fairfield-262x175.png 262w\" sizes=\"auto, (max-width: 747px) 100vw, 747px\" \/><\/div><\/div>\n","protected":false},"excerpt":{"rendered":"<p>\u0417\u0430\u0434\u043e\u043b\u0433\u043e \u0434\u043e Fairfield \u0414\u043e Fairfield \u0412\u043e \u0432\u0440\u0435\u043c\u044f \u0443\u0447\u0435\u0431\u044b \u043c\u044d\u0442\u0440 \u041c\u0438\u0448\u0435\u043b\u044c \u0440\u0430\u0431\u043e\u0442\u0430\u043b \u0432 Groupe Monassier, 1-\u0439 \u043d\u043e\u0442\u0430\u0440\u0438\u0430\u043b\u044c\u043d\u043e\u0439 \u0441\u0435\u0442\u0438 \u0424\u0440\u0430\u043d\u0446\u0438\u0438, \u0432 \u043a\u043e\u0442\u043e\u0440\u043e\u0439 \u043e\u043d \u0437\u0430\u043d\u0438\u043c\u0430\u043b\u0441\u044f \u0432\u043e\u043f\u0440\u043e\u0441\u0430\u043c\u0438, \u0441\u0432\u044f\u0437\u0430\u043d\u043d\u044b\u043c\u0438 \u0441\u043e \u0441\u0444\u0435\u0440\u043e\u0439 \u043d\u0435\u0434\u0432\u0438\u0436\u0438\u043c\u043e\u0441\u0442\u0438, \u043d\u0430\u0441\u043b\u0435\u0434\u0441\u0442\u0432\u0435\u043d\u043d\u044b\u043c \u043f\u0440\u0430\u0432\u043e\u043c \u0438 \u0445\u043e\u0437\u044f\u0439\u0441\u0442\u0432\u0435\u043d\u043d\u044b\u043c \u043f\u0440\u0430\u0432\u043e\u043c. \u041f\u043e\u0441\u043b\u0435 \u0441\u0442\u0430\u0436\u0438\u0440\u043e\u0432\u043a\u0438 \u0432 \u0430\u043c\u0435\u0440\u0438\u043a\u0430\u043d\u0441\u043a\u043e\u0439 \u044e\u0440\u0438\u0434\u0438\u0447\u0435\u0441\u043a\u043e\u0439 \u0444\u0438\u0440\u043c\u0435 \u043e\u043d \u0441\u0442\u0430\u043b \u0430\u0434\u0432\u043e\u043a\u0430\u0442\u043e\u043c \u043f\u0440\u0438 \u041f\u0430\u0440\u0438\u0436\u0441\u043a\u043e\u0439\u00a0 \u043a\u043e\u043b\u043b\u0435\u0433\u0438\u0438 \u0430\u0434\u0432\u043e\u043a\u0430\u0442\u043e\u0432 \u00a0\u0438 \u0440\u0430\u0431\u043e\u0442\u0430\u043b \u0432 \u043c\u0435\u0436\u0434\u0443\u043d\u0430\u0440\u043e\u0434\u043d\u044b\u0445 \u044e\u0440\u0438\u0434\u0438\u0447\u0435\u0441\u043a\u0438\u0445 \u0444\u0438\u0440\u043c\u0430\u0445, \u0432\u0445\u043e\u0434\u044f\u0449\u0438\u0445 \u0432 \u0447\u0438\u0441\u043b\u043e \u043b\u0443\u0447\u0448\u0438\u0445&#8230;<\/p>\n","protected":false},"author":1,"featured_media":10326,"parent":0,"menu_order":0,"comment_status":"closed","ping_status":"closed","template":"","meta":{"footnotes":""},"class_list":["post-10325","page","type-page","status-publish","has-post-thumbnail","hentry"],"_links":{"self":[{"href":"https:\/\/fairfield-avocat.fr\/ru\/wp-json\/wp\/v2\/pages\/10325","targetHints":{"allow":["GET"]}}],"collection":[{"href":"https:\/\/fairfield-avocat.fr\/ru\/wp-json\/wp\/v2\/pages"}],"about":[{"href":"https:\/\/fairfield-avocat.fr\/ru\/wp-json\/wp\/v2\/types\/page"}],"author":[{"embeddable":true,"href":"https:\/\/fairfield-avocat.fr\/ru\/wp-json\/wp\/v2\/users\/1"}],"replies":[{"embeddable":true,"href":"https:\/\/fairfield-avocat.fr\/ru\/wp-json\/wp\/v2\/comments?post=10325"}],"version-history":[{"count":6,"href":"https:\/\/fairfield-avocat.fr\/ru\/wp-json\/wp\/v2\/pages\/10325\/revisions"}],"predecessor-version":[{"id":10390,"href":"https:\/\/fairfield-avocat.fr\/ru\/wp-json\/wp\/v2\/pages\/10325\/revisions\/10390"}],"wp:featuredmedia":[{"embeddable":true,"href":"https:\/\/fairfield-avocat.fr\/ru\/wp-json\/wp\/v2\/media\/10326"}],"wp:attachment":[{"href":"https:\/\/fairfield-avocat.fr\/ru\/wp-json\/wp\/v2\/media?parent=10325"}],"curies":[{"name":"wp","href":"https:\/\/api.w.org\/{rel}","templated":true}]}}