{"id":10157,"date":"2015-11-19T10:45:31","date_gmt":"2015-11-19T09:45:31","guid":{"rendered":"https:\/\/fairfield-avocat.fr\/en\/?page_id=10157"},"modified":"2022-03-30T14:36:44","modified_gmt":"2022-03-30T13:36:44","slug":"biography","status":"publish","type":"page","link":"https:\/\/fairfield-avocat.fr\/en\/biography\/","title":{"rendered":"Biography"},"content":{"rendered":"<div class=\"row \"><div class=\"wpv-grid grid-1-2  wpv-first-level first unextended\" style=\"padding-top:0px;padding-bottom:0px\" id=\"wpv-column-6f02caf247d297a11577e26e198b8429\" ><h3><span class=\"accent-1\">Previous experience and qualifications.<\/span><\/h3>\n\n<ul class=\"styled-list  icon-accent1\">\n<li class=\" icon-b \" data-icon=\"&#58011;\">Master of Laws (L.L.M.), London School of Economics and Political Sciences (2003)<\/li>\n<li class=\" icon-b \" data-icon=\"&#58011;\">Specialised Masters in Notarial Law, Paris I Panth\u00e9on-Sorbonne (2000) and Notarial Studies Institute (2001)<\/li>\n<li class=\" icon-b \" data-icon=\"&#58011;\">Specialised Masters in Estate Planning, Paris School of Management (E.S.C.P., 2002)<\/li>\n<li class=\" icon-b \" data-icon=\"&#58011;\">Masters in Business Law &amp; Taxation, Paris II Panth\u00e9on-Assas (High Honours, 1998)<\/li>\n<\/ul>\n\n<h3><span class=\"accent-1\">Before Fairfield<\/span><\/h3>\n<p class=\"Default\" style=\"text-align: justify;\">During his studies at university, Fr\u00e9d\u00e9ric Michel started working for the Monassier Group, the premier solicitor network in France, where he dealt with legal issues involving property law, inheritance law and international law.<\/p>\n<p class=\"Default\" style=\"text-align: justify;\">After an internship with an American law firm, Fr\u00e9d\u00e9ric became a lawyer at the Paris Bar and worked for reknown international law firms ranked such as :<\/p>\n\n<ul class=\"styled-list  icon-accent1\">\n<li class=\" icon-b \" data-icon=\"&#58011;\"><strong>Clifford Chance<\/strong><\/li>\n<li class=\" icon-b \" data-icon=\"&#58011;\"><strong>De Pardieu Brocas Maff\u00e9i<\/strong><\/li>\n<li class=\" icon-b \" data-icon=\"&#58011;\"><strong>Darrois Villey Maillot Brochier<\/strong><\/li>\n<\/ul>\n\n<p class=\"Default\" style=\"text-align: justify;\">During such time, Fr\u00e9d\u00e9ric had the chance to acquire working methods applied in top ranking international law firms.<\/p>\n<p class=\"Default\" style=\"text-align: justify;\">Then, Fr\u00e9d\u00e9ric Michel was offered the Senior Legal Counsel position at GE CAPITAL (GENERAL ELECTRIC GROUP) and dealt with business legal issues for international companies.<\/p>\n<p class=\"Default\" style=\"text-align: justify;\">After that position, Fr\u00e9d\u00e9ric worked for an international law firm in Monaco.<\/p>\n<div class=\"push\" style='height:20px'><\/div>\n<h3 style=\"padding-left: 10px;\"><\/h3><\/div>\n<div class=\"wpv-grid grid-1-2  wpv-first-level unextended animation-from-left animated-active\" style=\"padding-top:0px;padding-bottom:0px\" id=\"biographie\" ><div class=\"row \"><div class=\"wpv-grid grid-1-1  first unextended\" style=\"padding-top:0px;padding-bottom:0px\" id=\"wpv-column-b96d9d5b8ffee695ba568cc38153c44f\" ><p><img loading=\"lazy\" decoding=\"async\" class=\"alignleft wp-image-9988 size-full\" src=\"https:\/\/fairfield-avocat.fr\/wp-content\/uploads\/2016\/11\/maitre-michel-avocat-cannes.jpg\" alt=\"Ma\u00eetre Fr\u00e9d\u00e9ric Michel \u2013 Lawyer in Cannes\" width=\"555\" height=\"655\" \/><\/p>\n<div class=\"push\" style='height:25px'><\/div><\/div><\/div><\/div><\/div>\n<div class=\"row \"><div class=\"wpv-grid grid-1-1  wpv-first-level first unextended\" style=\"padding-top:0px;padding-bottom:0px\" id=\"wpv-column-a4b7b17c864f20e6c17cf99e110eb318\" ><div class=\"row \"><div class=\"wpv-grid grid-1-1  first unextended\" style=\"padding-top:0px;padding-bottom:0px\" id=\"wpv-column-fe6279068835b2f6a651d1b526637c7a\" ><h2 style=\"text-align: center;\">Ranking of Parisians firms in 2015<\/h2>\n<p><img loading=\"lazy\" decoding=\"async\" class=\"aligncenter size-full wp-image-10112\" src=\"http:\/\/fairfield-avocat.fr\/wp-content\/uploads\/2015\/08\/legal-500-cabinet-fairfield.png\" alt=\"legal-500-cabinet-fairfield\" width=\"747\" height=\"500\" srcset=\"https:\/\/fairfield-avocat.fr\/wp-content\/uploads\/2015\/08\/legal-500-cabinet-fairfield.png 747w, https:\/\/fairfield-avocat.fr\/wp-content\/uploads\/2015\/08\/legal-500-cabinet-fairfield-300x201.png 300w, https:\/\/fairfield-avocat.fr\/wp-content\/uploads\/2015\/08\/legal-500-cabinet-fairfield-600x402.png 600w, https:\/\/fairfield-avocat.fr\/wp-content\/uploads\/2015\/08\/legal-500-cabinet-fairfield-555x370.png 555w, https:\/\/fairfield-avocat.fr\/wp-content\/uploads\/2015\/08\/legal-500-cabinet-fairfield-360x240.png 360w, https:\/\/fairfield-avocat.fr\/wp-content\/uploads\/2015\/08\/legal-500-cabinet-fairfield-262x175.png 262w\" sizes=\"auto, (max-width: 747px) 100vw, 747px\" \/><\/div><\/div><\/div><\/div>\n","protected":false},"excerpt":{"rendered":"<p>Previous experience and qualifications. Before Fairfield During his studies at university, Fr\u00e9d\u00e9ric Michel started working for the Monassier Group, the premier solicitor network in France, where he dealt with legal issues involving property law, inheritance law and international law. After an internship with an American law firm, Fr\u00e9d\u00e9ric became a lawyer at the Paris Bar&#8230;<\/p>\n","protected":false},"author":1,"featured_media":9989,"parent":0,"menu_order":0,"comment_status":"closed","ping_status":"closed","template":"","meta":{"footnotes":""},"class_list":["post-10157","page","type-page","status-publish","has-post-thumbnail","hentry"],"_links":{"self":[{"href":"https:\/\/fairfield-avocat.fr\/en\/wp-json\/wp\/v2\/pages\/10157","targetHints":{"allow":["GET"]}}],"collection":[{"href":"https:\/\/fairfield-avocat.fr\/en\/wp-json\/wp\/v2\/pages"}],"about":[{"href":"https:\/\/fairfield-avocat.fr\/en\/wp-json\/wp\/v2\/types\/page"}],"author":[{"embeddable":true,"href":"https:\/\/fairfield-avocat.fr\/en\/wp-json\/wp\/v2\/users\/1"}],"replies":[{"embeddable":true,"href":"https:\/\/fairfield-avocat.fr\/en\/wp-json\/wp\/v2\/comments?post=10157"}],"version-history":[{"count":11,"href":"https:\/\/fairfield-avocat.fr\/en\/wp-json\/wp\/v2\/pages\/10157\/revisions"}],"predecessor-version":[{"id":11257,"href":"https:\/\/fairfield-avocat.fr\/en\/wp-json\/wp\/v2\/pages\/10157\/revisions\/11257"}],"wp:featuredmedia":[{"embeddable":true,"href":"https:\/\/fairfield-avocat.fr\/en\/wp-json\/wp\/v2\/media\/9989"}],"wp:attachment":[{"href":"https:\/\/fairfield-avocat.fr\/en\/wp-json\/wp\/v2\/media?parent=10157"}],"curies":[{"name":"wp","href":"https:\/\/api.w.org\/{rel}","templated":true}]}}