{"id":10135,"date":"2015-11-19T10:10:48","date_gmt":"2015-11-19T09:10:48","guid":{"rendered":"https:\/\/fairfield-avocat.fr\/en\/?page_id=10135"},"modified":"2022-03-30T14:54:01","modified_gmt":"2022-03-30T13:54:01","slug":"welcome","status":"publish","type":"page","link":"https:\/\/fairfield-avocat.fr\/en\/","title":{"rendered":"Welcome"},"content":{"rendered":"<div class=\"row \"><div class=\"wpv-grid grid-1-1  wpv-first-level first unextended\" style=\"padding-top:0px;padding-bottom:0px\" id=\"wpv-column-671e78f34983f9145c1f3472edb6ad42\" ><\/div><\/div>\n<div class=\"row \"><div class=\"wpv-grid grid-1-1  wpv-first-level first unextended\" style=\"padding-top:0px;padding-bottom:0px\" id=\"wpv-column-5075268b397ec36947d69e87f4f89c94\" ><p>&nbsp;<\/div><\/div>\n<div class=\"row \"><div class=\"wpv-grid grid-1-1  wpv-first-level first unextended\" style=\"padding-top:0px;padding-bottom:0px\" id=\"wpv-column-092c5723a89ce60135a30dc6abc2ae9f\" ><\/div><\/div>\n<div class=\"row \"><div class=\"wpv-grid grid-1-1  wpv-first-level first unextended\" style=\"padding-top:0px;padding-bottom:0px\" id=\"about-content\" ><div class=\"row \"><div class=\"wpv-grid grid-1-1  first unextended\" style=\"padding-top:0px;padding-bottom:0px\" id=\"wpv-column-3f7e62ca56421a207d097d6da2fe54c5\" ><div class=\"push\" style='height:10px'><\/div>\n<h1 style=\"text-align: center;\">Fr\u00e9d\u00e9ric Michel, lawyer: Cannes, Mougins, Antibes<\/h1>\n<h2 style=\"text-align: center; margin-bottom: -35px;\">Attorney-at-law: Property Law, Inheritance Law, Tax Law, Business Law<\/h2><\/div><\/div><\/div><\/div>\n\t\t<h2 class=\"text-divider-double\">\t\t\t\n<div class=\"sep\"><\/div>\nPRACTICE AREAS\t\t<\/h2>\t\t<div class=\"sep\"><\/div>\t\n<div class=\"push\" style='margin-bottom:-32px'><\/div>\n<div class=\"row \"><div class=\"wpv-grid grid-1-1  wpv-first-level first has-background extended\" style=\"background-color:#323232;padding-top:0px;padding-bottom:0px\" id=\"biographie\" ><div class=\"extended-column-inner\"><style>#biographie p,#biographie em,#biographie .column-title,#biographie .sep-text h2.regular-title-wrapper,#biographie .text-divider-double,#biographie .sep-text .sep-text-line,#biographie .sep,#biographie .sep-2,#biographie .sep-3,#biographie td,#biographie th,#biographie caption{color:#b2b2b2;}#biographie:before{background-color:transparent;}<\/style><div class=\"row \"><div class=\"wpv-grid grid-1-5  first unextended animation-from-bottom animated-active\" style=\"padding-top:0px;padding-bottom:0px\" id=\"wpv-column-13b757ab2c91f8d3d21a4d2a05e46c26\" >\n<div  data-href=\"https:\/\/fairfield-avocat.fr\/en\/inheritance-law\/\" tabindex=\"1\" data-target=\"_self\" class=\"linkarea clearfix accent6  background-accent1\">\n\t\t\t<div class=\"first\"><span class='icon shortcode theme  use-hover' style='font-size:46px !important;color:#ffffff;'>&#57488;<\/span><\/div>\n\t\t\t\t<div class=\"last\"><h3 style=\"text-align: center;\"><span class=\"accent-8\">Inheritance Law<\/span><\/h3>\n<p style=\"text-align: center;\"><span class=\"accent-8\">\u2022 Spousal protection<br \/>\n\u2022 Children\u2019s rights<br \/>\n\u2022 Reconstituted families<br \/>\n\u2022 International inheritances<br \/>\n\u2022 Estate indivision<br \/>\n\u2022 Donations<br \/>\n\u2022 Wills<br \/>\n\u2022 Estate distributions<br \/>\n\u2022 Protection of adults<br \/>\n\u2022 Trusts<br \/>\n<\/span><\/div>\n\t<\/div><\/div>\n<div class=\"wpv-grid grid-1-5  unextended animation-fade-in animated-active\" style=\"padding-top:0px;padding-bottom:0px\" id=\"wpv-column-043b4d8c7b0c2537c392f6129d4886ed\" >\n<div  data-href=\"https:\/\/fairfield-avocat.fr\/en\/business-law\/\" tabindex=\"1\" data-target=\"_self\" class=\"linkarea clearfix accent6  background-accent2\">\n\t\t\t<div class=\"first\"><span class='icon shortcode   use-hover' style='font-size:46px !important;color:#ffffff;'>&#57750;<\/span><\/div>\n\t\t\t\t<div class=\"last\"><h3 style=\"text-align: center;\"><span class=\"accent-8\">Business Law <\/span><\/h3>\n<p style=\"text-align: center;\"><span class=\"accent-8\">\u2022 Choice of structure<br \/>\n\u2022 Corporate governance<br \/>\n\u2022 Real estate companies<br \/>\n\u2022 Commercial contracts<br \/>\n\u2022 Due diligence<br \/>\n\u2022 Mergers &amp; Acquisitions<br \/>\n\u2022 Shareholder agreements<br \/>\n\u2022 Corporate finance<br \/>\n\u2022 Leasing<br \/>\n\u2022 Insolvency<br \/>\n<\/span><\/div>\n\t<\/div><\/div>\n<div class=\"wpv-grid grid-1-5  unextended animation-from-bottom animated-active\" style=\"padding-top:0px;padding-bottom:0px\" id=\"wpv-column-964626c83803866afa250bcd13270add\" >\n<div  data-href=\"https:\/\/fairfield-avocat.fr\/en\/real-estate-law\/\" tabindex=\"1\" data-target=\"_self\" class=\"linkarea clearfix accent6  background-accent1\">\n\t\t\t<div class=\"first\"><span class='icon shortcode   use-hover' style='font-size:46px !important;color:#ffffff;'>&#57350;<\/span><\/div>\n\t\t\t\t<div class=\"last\"><h3 style=\"text-align: center;\"><span class=\"accent-8\">Property law<\/span><\/h3>\n<p style=\"text-align: center;\"><span class=\"accent-8\">\u2022 Real estate acquisitions &amp; sales<br \/>\n\u2022 Real estate financing<br \/>\n\u2022 Securities &amp; guarantees<br \/>\n\u2022 Commercial leases<br \/>\n\u2022 On-going businesses<br \/>\n\u2022 Real estate professionals<br \/>\n\u2022 Constructor liabilities<br \/>\n\u2022 Construction insurance<br \/>\n\u2022 Property developments<br \/>\n\u2022 Tourism and residency services<br \/>\n<\/span><\/div>\n\t<\/div><\/div>\n<div class=\"wpv-grid grid-1-5  unextended animation-fade-in animated-active\" style=\"padding-top:0px;padding-bottom:0px\" id=\"wpv-column-f518148608b264e8b7dee0375c041b52\" >\n<div  data-target=\"_self\" class=\"linkarea clearfix accent6  background-accent2\">\n\t\t\t<div class=\"first\"><span class='icon shortcode   use-hover' style='font-size:46px !important;color:#ffffff;'>&#57817;<\/span><\/div>\n\t\t\t\t<div class=\"last\"><h3 style=\"text-align: center;\"><span class=\"accent-8\">International clients<\/span><\/h3>\n<p style=\"text-align: center;\"><span class=\"accent-8\">\u2022 Real estate acquisitions &amp; sales<br \/>\n\u2022 Real estate companies<br \/>\n\u2022 Real estate financing<br \/>\n\u2022 Family office<br \/>\n\u2022 Relocations<br \/>\n\u2022 International marriages<br \/>\n\u2022 International inheritances<br \/>\n\u2022 Estate planning<br \/>\n\u2022 Trusts<br \/>\n\u2022 Aircraft &amp; yachting financing<br \/>\n<\/span><\/div>\n\t<\/div><\/div>\n<div class=\"wpv-grid grid-1-5  unextended animation-from-bottom animated-active\" style=\"padding-top:0px;padding-bottom:0px\" id=\"wpv-column-f4de168c30419085494ed7c8c6666099\" >\n<div  data-href=\"https:\/\/fairfield-avocat.fr\/en\/tax-law\" tabindex=\"1\" data-target=\"_self\" class=\"linkarea clearfix accent6  background-accent1\">\n\t\t\t<div class=\"first\"><span class='icon shortcode   use-hover' style='font-size:46px !important;color:#ffffff;'>&#57419;<\/span><\/div>\n\t\t\t\t<div class=\"last\"><h3 style=\"text-align: center;\"><span class=\"accent-8\">Tax Law<\/span><\/h3>\n<p style=\"text-align: center;\"><span class=\"accent-8\">\u2022 Real estate Wealth Tax<br \/>\n\u2022 Property Tax<br \/>\n\u2022 International tax<br \/>\n\u2022 Estate Planning<br \/>\n\u2022 Inheritance Tax<br \/>\n\u2022 Corporate tax<br \/>\n\u2022 Litigation tax<br \/>\n\u2022 Tax residence<br \/>\n\u2022 Short-term renting tax<br \/>\n\u2022 Tax reorganization<br \/>\n<\/span><\/div>\n\t<\/div><\/div><\/div><\/div><\/div><\/div>\n\t\t<h2 class=\"text-divider-double\">\t\t\t\n\t\t<\/h2>\t\t<div class=\"sep\"><\/div>\t\n<div class=\"push\" style='height:30px'><\/div>\n<div class=\"row \"><div class=\"wpv-grid grid-1-2  wpv-first-level first unextended animation-from-left animated-active\" style=\"padding-top:0px;padding-bottom:0px\" id=\"biographie\" ><div class=\"row \"><div class=\"wpv-grid grid-1-1  first unextended\" style=\"padding-top:0px;padding-bottom:0px\" id=\"wpv-column-1660c22d14ac11d13222934ec9633b80\" ><h3><a href=\"https:\/\/fairfield-avocat.fr\/wp-content\/uploads\/2015\/05\/maitre-michel-avocat-cannes-81.jpg\"><img loading=\"lazy\" decoding=\"async\" class=\"aligncenter wp-image-9963 size-full\" style=\"margin-left: -12px;\" src=\"https:\/\/fairfield-avocat.fr\/wp-content\/uploads\/2015\/05\/maitre-michel-avocat-cannes-81.jpg\" alt=\"\" width=\"555\" height=\"438\" srcset=\"https:\/\/fairfield-avocat.fr\/wp-content\/uploads\/2015\/05\/maitre-michel-avocat-cannes-81.jpg 555w, https:\/\/fairfield-avocat.fr\/wp-content\/uploads\/2015\/05\/maitre-michel-avocat-cannes-81-300x237.jpg 300w, https:\/\/fairfield-avocat.fr\/wp-content\/uploads\/2015\/05\/maitre-michel-avocat-cannes-81-360x284.jpg 360w, https:\/\/fairfield-avocat.fr\/wp-content\/uploads\/2015\/05\/maitre-michel-avocat-cannes-81-262x207.jpg 262w\" sizes=\"auto, (max-width: 555px) 100vw, 555px\" \/><\/a><\/h3>\n<div class=\"push\" style='height:25px'><\/div><\/div><\/div><\/div>\n<div class=\"wpv-grid grid-1-2  wpv-first-level unextended animation-from-left animated-active\" style=\"padding-top:0px;padding-bottom:0px\" id=\"biographie\" ><div class=\"row \"><div class=\"wpv-grid grid-1-1  first unextended\" style=\"padding-top:0px;padding-bottom:0px\" id=\"wpv-column-4579e301c7707fc814e6280e5dde9077\" ><h3>Why choose Fr\u00e9d\u00e9ric MICHEL ?<\/h3>\n<div class=\"push\" style='height:25px'><\/div><\/div><\/div>\n<div class=\"row \"><div class=\"wpv-grid grid-1-1 add-border first unextended animation-from-bottom animated-active\" style=\"padding-top:0px;padding-bottom:0px\" id=\"wpv-column-b9b3fa788515be2ed60f9554f5f66050\" ><div class=\"row \"><div class=\"wpv-grid grid-1-1  first unextended\" style=\"padding-top:0px;padding-bottom:0px\" id=\"wpv-column-3cb18937b29b9f2e4eef15a2efe46cd3\" ><div class=\"wpv-accordion-wrapper wpv-accordion-1\"><ul class=\"wpv-accordion\" data-collapsible=\"true\"><li class=\"pane-wrapper\" style=\"\">\n\t\t\t\t\t<h4 class=\"tab\"><div class=\"inner\">1. L.L.M. LONDON SCHOOL OF ECONOMICS AND POLITICAL SCIENCE AND UNIVERSITY PARIS I PANTHEON-SORBONNES<\/div><\/h4>\n\t\t\t\t\t<div class=\"pane\"><div class=\"inner\"><div class=\"row \"><div class=\"wpv-grid grid-1-1  first unextended\" style=\"padding-top:0px;padding-bottom:0px\" id=\"wpv-column-8e0133a20f0eed49041589a397e33607\" ><p style=\"text-align: justify;\">Fr\u00e9d\u00e9ric graduated from reknowned institutions such as the Paris I Pantheon-Sorbonne and Paris II Panth\u00e9on-Assas universities, the Paris Business School (E.S.C.P.) or the London School of Economics and Political Sciences.<\/div><\/div><\/div><\/div>\n\t\t\t\t\t<\/li><li class=\"pane-wrapper\" style=\"\">\n\t\t\t\t\t<h4 class=\"tab\"><div class=\"inner\">2. Former at CLIFFORD CHANCE L.L.P. and GE CAPITAL (GENERAL ELECTRIC GROUP)<\/div><\/h4>\n\t\t\t\t\t<div class=\"pane\"><div class=\"inner\"><div class=\"row \"><div class=\"wpv-grid grid-1-1  first unextended\" style=\"padding-top:0px;padding-bottom:0px\" id=\"wpv-column-3d002bccd1bf02a8c7fdeb677fb6b2da\" ><p style=\"text-align: justify;\">Fr\u00e9d\u00e9ric worked for international law firms in Paris such as:<\/p>\n<ul>\n<li style=\"text-align: justify;\"><strong>Clifford Chance<\/strong><\/li>\n<li style=\"text-align: justify;\"><strong>Darrois Villey Maillot Brochier<\/strong><\/li>\n<li style=\"text-align: justify;\"><strong>De Pardieu Brocas Maff\u00e9i<\/strong><\/li>\n<\/ul>\n<p style=\"text-align: justify;\">He then joined the legal department of GE Capital (General Electric Group) as Senior Legal Counsel before working in Monaco.<\/div><\/div><\/div><\/div>\n\t\t\t\t\t<\/li><li class=\"pane-wrapper\" style=\"\">\n\t\t\t\t\t<h4 class=\"tab\"><div class=\"inner\">3. NOTARIAL BACKGROUND AND PROFESSIONNAL EXPERIENCES IN NOTARY FIRMS<\/div><\/h4>\n\t\t\t\t\t<div class=\"pane\"><div class=\"inner\"><div class=\"row \"><div class=\"wpv-grid grid-1-1  first unextended\" style=\"padding-top:0px;padding-bottom:0px\" id=\"wpv-column-8a1d56f58254b775f720ce9736a88855\" ><p style=\"text-align: justify;\">Fr\u00e9d\u00e9ric graduated with a Master in Notarial Law at the University Paris I Panth\u00e9on-Sorbonne. He also worked at the Monassier Group, the primary network of notaries public in France. He co-written, with Bernard Monassier, Founder and President of the Monassier Group, several articles published in legal newspapers (Option Finance, Droit et Patrimoines).<\/div><\/div><\/div><\/div>\n\t\t\t\t\t<\/li><\/ul><style>.wpv-accordion-1 .tab .inner { background-color: #ffffff; color: #4a4f55; }<\/style><\/div><\/div><\/div><\/div><\/div><\/div><\/div>\n<div class=\"sep\"><\/div>\n<div class=\"row \"><div class=\"wpv-grid grid-1-3  wpv-first-level first unextended animation-from-left animated-active\" style=\"padding-top:12px;padding-bottom:0px\" id=\"wpv-column-ccb96fcab8ae5e101dea6404ed1d45bc\" ><div class=\"row \"><div class=\"wpv-grid grid-1-1  first unextended\" style=\"padding-top:0px;padding-bottom:0px\" id=\"wpv-column-75e0be7561574c73d1ef1cb071155a50\" ><p><img loading=\"lazy\" decoding=\"async\" class=\"alignleft wp-image-9967 size-full\" title=\"Ma\u00eetre Fr\u00e9d\u00e9ric Michel \u2013 Lawyer in Cannes\" src=\"https:\/\/fairfield-avocat.fr\/wp-content\/uploads\/2015\/05\/maitre-michel-avocat-cannes-9.jpg\" alt=\"Ma\u00eetre Fr\u00e9d\u00e9ric Michel \u2013 Lawyer in Cannes\" width=\"360\" height=\"394\" srcset=\"https:\/\/fairfield-avocat.fr\/wp-content\/uploads\/2015\/05\/maitre-michel-avocat-cannes-9.jpg 360w, https:\/\/fairfield-avocat.fr\/wp-content\/uploads\/2015\/05\/maitre-michel-avocat-cannes-9-274x300.jpg 274w, https:\/\/fairfield-avocat.fr\/wp-content\/uploads\/2015\/05\/maitre-michel-avocat-cannes-9-262x287.jpg 262w\" sizes=\"auto, (max-width: 360px) 100vw, 360px\" \/><\/div><\/div><\/div>\n<div class=\"wpv-grid grid-2-3  wpv-first-level unextended animation-from-bottom animated-active\" style=\"padding-top:0px;padding-bottom:0px\" id=\"wpv-column-b9347e1c2de8bfe03f3815893d4bd3cd\" ><div class=\"row \"><div class=\"wpv-grid grid-1-1  first unextended\" style=\"padding-top:0px;padding-bottom:0px\" id=\"wpv-column-3fb16b3d74970b87454140aeb3fff174\" ><h1 style=\"font-size: 25px;\">Fr\u00e9d\u00e9ric Michel, Fairfield Law Firm in Mougins near Cannes<\/h1><\/div><\/div>\n<div class=\"row \"><div class=\"wpv-grid grid-1-2  first unextended\" style=\"padding-top:0px;padding-bottom:0px\" id=\"wpv-column-13c6793444383ac86ba097911532de31\" ><p style=\"text-align: justify;\">Frederic Michel\u2019s areas of expertise focus on estates and companies, which cover\u00a0<strong>property law<\/strong>,\u00a0<strong>business law<\/strong>, <strong>tax law<\/strong> and\u00a0<strong>inheritance law<\/strong>.<\/p>\n<p style=\"text-align: justify;\">Fairfield is based in the Cannes region, is fully committed to the essential principles of the legal profession: confidentiality, independence and dedication. The law firm ensures that it carefully assesses the nature and scope of the intended legal operation in order to provide the best, appropriate, legal advice. The attorney remains the client\u2019s confidant and continues to maintain absolute confidentiality during and after the relationship.<\/div>\n<div class=\"wpv-grid grid-1-2  unextended\" style=\"padding-top:0px;padding-bottom:0px\" id=\"wpv-column-d94ff4945610a5897eb73a2d5a605a8d\" ><h3>Fairfield: Absolute confidentiality. Seriousness. Costs control.<\/h3>\n<p style=\"text-align: justify;\">Fairfield guarantees absolute confidentiality to its clients and offers global legal advice in consulting and\/or litigation in French or English. This approach is based on:<\/p>\n\n<ul class=\"styled-list  icon-accent1\">\n<li class=\" icon-b \" data-icon=\"&#58067;\">analysing and anticipating client needs;<\/li>\n<li class=\" icon-b \" data-icon=\"&#58067;\">proposing clear and practical legal solutions;<\/li>\n<li class=\" icon-b \" data-icon=\"&#58067;\">availability and involvment;<\/li>\n<li class=\" icon-b \" data-icon=\"&#58067;\">efficiency and cost control.<\/li>\n<\/ul>\n<\/div><\/div><\/div><\/div>\n<div class=\"sep\"><\/div>\n<div class=\"row \"><div class=\"wpv-grid grid-1-1  wpv-first-level first unextended animation-from-bottom animated-active\" style=\"padding-top:0px;padding-bottom:0px\" id=\"wpv-column-543aee4e3fd44e76f745a38b3b05f8f9\" ><p style=\"text-align: center;\"><span class=\"vamtam-font-style-1 with-color\">\u201cEstate &amp; Companies\u201d<\/span><\/p>\n<p style=\"text-align: center; font-size: 16px;\">From strategy to deeds.<\/p>\n<p style=\"text-align: center;\"><span class=\"style-1\"><img loading=\"lazy\" decoding=\"async\" class=\"aligncenter size-full wp-image-9847\" title=\"Signature Fairfield - Lawyer in Cannes\" src=\"https:\/\/fairfield-avocat.fr\/wp-content\/uploads\/2015\/05\/Signature-Fairfield-Avocat.png\" alt=\"Signature Fairfield - Lawyer in Cannes\" width=\"214\" height=\"97\" \/><\/span><\/div><\/div>\n\t\t<h2 class=\"text-divider-double\">\t\t\t\n<div class=\"sep\"><\/div>\nClients\u2019 recommendations<br \/>\n\t\t<\/h2>\t\t<div class=\"sep\"><\/div>\t\n<div class=\"push\" style='margin-bottom:-32px'><\/div>\n<div class=\"row \"><div class=\"wpv-grid grid-1-1  wpv-first-level parallax-bg first has-background extended\" style=\"\n\t\t\t\tbackground: url( 'https:\/\/fairfield-avocat.fr\/wp-content\/uploads\/2015\/05\/bg_5.jpg' )  center top;\n\t\t\t\tbackground-size: cover;\n\t\t\tbackground-attachment: fixed;background-color:#F3F3F3;padding-top:80px;padding-bottom:80px\" id=\"wpv-column-56a639909e5c4600d3ae3d39f64d3e8a\"  data-parallax-method=\"to-centre\" data-parallax-inertia=\"-0.3\"><div class=\"extended-column-inner\"><style>#wpv-column-56a639909e5c4600d3ae3d39f64d3e8a p,#wpv-column-56a639909e5c4600d3ae3d39f64d3e8a em,#wpv-column-56a639909e5c4600d3ae3d39f64d3e8a .column-title,#wpv-column-56a639909e5c4600d3ae3d39f64d3e8a .sep-text h2.regular-title-wrapper,#wpv-column-56a639909e5c4600d3ae3d39f64d3e8a .text-divider-double,#wpv-column-56a639909e5c4600d3ae3d39f64d3e8a .sep-text .sep-text-line,#wpv-column-56a639909e5c4600d3ae3d39f64d3e8a .sep,#wpv-column-56a639909e5c4600d3ae3d39f64d3e8a .sep-2,#wpv-column-56a639909e5c4600d3ae3d39f64d3e8a .sep-3,#wpv-column-56a639909e5c4600d3ae3d39f64d3e8a td,#wpv-column-56a639909e5c4600d3ae3d39f64d3e8a th,#wpv-column-56a639909e5c4600d3ae3d39f64d3e8a caption{color:#747474;}#wpv-column-56a639909e5c4600d3ae3d39f64d3e8a:before{background-color:transparent;}<\/style><div class=\"row \"><div class=\"wpv-grid grid-3-5  first unextended animation-from-right animated-active\" style=\"padding-top:0px;padding-bottom:0px\" id=\"wpv-column-c7253249f7d585806eb16b491518e6c0\" ><div class=\"vamtam-cubeportfolio cbp cbp-slider-edge vamtam-testimonials-slider\" data-options=\"{&quot;layoutMode&quot;:&quot;slider&quot;,&quot;drag&quot;:true,&quot;auto&quot;:true,&quot;autoTimeout&quot;:5000,&quot;autoPauseOnHover&quot;:true,&quot;showNavigation&quot;:false,&quot;showPagination&quot;:true,&quot;rewindNav&quot;:true,&quot;scrollByPage&quot;:false,&quot;gridAdjustment&quot;:&quot;responsive&quot;,&quot;mediaQueries&quot;:[{&quot;width&quot;:1,&quot;cols&quot;:1}],&quot;gapHorizontal&quot;:0,&quot;gapVertical&quot;:0,&quot;caption&quot;:&quot;&quot;,&quot;displayType&quot;:&quot;default&quot;}\"><div class=\"cbp-item\"><blockquote class='clearfix small simple'><div class='quote-text'><div class=\"quote-content\"><span class='icon shortcode   use-hover' style='font-size:20px !important;color:#cca876;'>&#57864;<\/span> <span class='icon shortcode   use-hover' style='font-size:20px !important;color:#cca876;'>&#57864;<\/span> <span class='icon shortcode   use-hover' style='font-size:20px !important;color:#cca876;'>&#57864;<\/span> <span class='icon shortcode   use-hover' style='font-size:20px !important;color:#cca876;'>&#57864;<\/span> <span class='icon shortcode   use-hover' style='font-size:20px !important;color:#cca876;'>&#57864;<\/span>\r\n<p style=\"text-align: justify;\">I needed urgently legal advice in relation to my real estate property located in Cannes in the South of France. Frederic answered all my questions in a very short notice. He is a very efficient professional, who provided me with legal and tax solutions regarding my soci\u00e9t\u00e9 civile and my commercial companies. Thanks to his notarial background, he also was very helpful to build the tax strategy in order to transfer some assets to my children. Frederic is a dedicated lawyer who is very easy to work with.<\/p><div class=\"only-title\"><strong class='quote-title'><span class='the-title'>Andrew M.<\/span><\/strong><\/div><\/div><\/div><\/blockquote>\n<\/div><\/div><\/div><\/div><\/div><\/div><\/div>\n<div class=\"row \"><div class=\"wpv-grid grid-1-1 formulaire wpv-first-level parallax-bg first has-background extended\" style=\"\n\t\t\t\tbackground: url( 'https:\/\/fairfield-avocat.fr\/wp-content\/uploads\/2015\/05\/bg_1.jpg' ) no-repeat center top;\n\t\t\t\tbackground-size: cover;\n\t\t\tbackground-attachment: fixed;padding-top:0px;padding-bottom:50px\" id=\"REQUESTFORM\"  data-parallax-method=\"to-centre\" data-parallax-inertia=\"-0.2\"><div class=\"extended-column-inner\">\t\t<h2 class=\"text-divider-double\">\t\t\t\nREQUEST LEGAL ADVICE FROM FAIRFIELD\t\t<\/h2>\t\t<div class=\"sep\"><\/div>\t\n<div class=\"row \"><div class=\"wpv-grid grid-1-1  first unextended\" style=\"padding-top:0px;padding-bottom:0px\" id=\"wpv-column-476818ddf51a5fa2a74b3b83ed598585\" ><div class=\"push\" style='height:20px'><\/div>\n<p><form method=\"post\" enctype=\"multipart\/form-data\" id=\"vfbp-form-2\" class=\"vfbp-form\"><div style=\"display:none;\"><label for=\"vfbp-EMAIL-AN8fuQyoDLXem\">If you are human, leave this field blank.<\/label><input size=\"25\" autocomplete=\"off\" type=\"text\" name=\"vfbp-EMAIL-AN8fuQyoDLXem\" value=\"\" id=\"\"><\/div><input type=\"hidden\" name=\"_vfb-timestamp-2\" value=\"1775603116\" id=\"\"><input type=\"hidden\" name=\"_vfb-form-id\" value=\"2\" id=\"\"><div class=\"vfb-col-6 vfb-fieldType-text\" id=\"vfbField8\"><div class=\"vfb-form-group\"><label for=\"vfb-field-8\" class=\"vfb-control-label\">Last name <span class=\"vfb-required-asterisk\">*<\/span><\/label><div><input id=\"vfb-field-8\" class=\"vfb-form-control\" placeholder=\"\" required=\"required\" type=\"text\" name=\"vfb-field-8\" value=\"\"><\/div><\/div><\/div><div class=\"vfb-col-6 vfb-fieldType-text\" id=\"vfbField9\"><div class=\"vfb-form-group\"><label for=\"vfb-field-9\" class=\"vfb-control-label\">First name <span class=\"vfb-required-asterisk\">*<\/span><\/label><div><input id=\"vfb-field-9\" class=\"vfb-form-control\" placeholder=\"\" required=\"required\" type=\"text\" name=\"vfb-field-9\" value=\"\"><\/div><\/div><\/div><div class=\"vfb-clearfix\"><\/div><div class=\"vfb-col-6 vfb-fieldType-email\" id=\"vfbField10\"><div class=\"vfb-form-group\"><label for=\"vfb-field-10\" class=\"vfb-control-label\">Contact address <span class=\"vfb-required-asterisk\">*<\/span><\/label><div><input id=\"vfb-field-10\" class=\"vfb-form-control\" placeholder=\"\" required=\"required\" type=\"email\" name=\"vfb-field-10\" value=\"\"><\/div><\/div><\/div><div class=\"vfb-col-6 vfb-fieldType-phone\" id=\"vfbField11\"><div class=\"vfb-form-group\"><label for=\"vfb-field-11\" class=\"vfb-control-label\">Telephone<\/label><div><input id=\"vfb-field-11\" class=\"vfb-form-control vfb-intl-phone\" placeholder=\"\" data-default-country=\"us\" type=\"tel\" name=\"vfb-field-11\" value=\"\"><\/div><\/div><\/div><div class=\"vfb-clearfix\"><\/div><div class=\"vfb-col-12 vfb-fieldType-textarea\" id=\"vfbField12\"><div class=\"vfb-form-group\"><label for=\"vfb-field-12\" class=\"vfb-control-label\">Message <span class=\"vfb-required-asterisk\">*<\/span><\/label><div><textarea id=\"vfb-field-12\" class=\"vfb-form-control\" placeholder=\"\" required=\"required\" rows=\"10\" name=\"vfb-field-12\" cols=\"50\"><\/textarea><\/div><\/div><\/div><div class=\"vfb-clearfix\"><\/div><div class=\"vfb-col-12 vfb-fieldType-submit\" id=\"vfbField14\"><button id=\"vfb-field-14\" class=\" btn btn-primary\" placeholder=\"\" type=\"submit\" name=\"_vfb-submit\">Send<\/button><\/div><div class=\"vfb-clearfix\"><\/div><\/form><\/div><\/div><\/div><\/div><\/div>\n","protected":false},"excerpt":{"rendered":"<p>I needed urgently legal advice in relation to my real estate property located in Cannes in the South of France. Frederic answered all my questions in a very short notice. He is a very efficient professional, who provided me with legal and tax solutions regarding my soci\u00e9t\u00e9 civile and my commercial companies. Thanks to his&#8230;<\/p>\n","protected":false},"author":1,"featured_media":0,"parent":0,"menu_order":0,"comment_status":"closed","ping_status":"closed","template":"","meta":{"footnotes":""},"class_list":["post-10135","page","type-page","status-publish","hentry"],"_links":{"self":[{"href":"https:\/\/fairfield-avocat.fr\/en\/wp-json\/wp\/v2\/pages\/10135","targetHints":{"allow":["GET"]}}],"collection":[{"href":"https:\/\/fairfield-avocat.fr\/en\/wp-json\/wp\/v2\/pages"}],"about":[{"href":"https:\/\/fairfield-avocat.fr\/en\/wp-json\/wp\/v2\/types\/page"}],"author":[{"embeddable":true,"href":"https:\/\/fairfield-avocat.fr\/en\/wp-json\/wp\/v2\/users\/1"}],"replies":[{"embeddable":true,"href":"https:\/\/fairfield-avocat.fr\/en\/wp-json\/wp\/v2\/comments?post=10135"}],"version-history":[{"count":39,"href":"https:\/\/fairfield-avocat.fr\/en\/wp-json\/wp\/v2\/pages\/10135\/revisions"}],"predecessor-version":[{"id":11266,"href":"https:\/\/fairfield-avocat.fr\/en\/wp-json\/wp\/v2\/pages\/10135\/revisions\/11266"}],"wp:attachment":[{"href":"https:\/\/fairfield-avocat.fr\/en\/wp-json\/wp\/v2\/media?parent=10135"}],"curies":[{"name":"wp","href":"https:\/\/api.w.org\/{rel}","templated":true}]}}